{"id":12019,"date":"2021-03-07T05:15:48","date_gmt":"2021-03-07T05:15:48","guid":{"rendered":"https:\/\/www.videlem.com\/kontaktujte-nas\/"},"modified":"2021-03-07T05:15:48","modified_gmt":"2021-03-07T05:15:48","slug":"kontaktujte-nas","status":"publish","type":"page","link":"https:\/\/www.videlem.com\/cs\/kontaktujte-nas\/","title":{"rendered":"Kontaktujte n\u00e1s"},"content":{"rendered":"<p>Videlem poskytuje profesion\u00e1ln\u00ed a dal\u0161\u00ed multimedi\u00e1ln\u00ed software, jako je nahr\u00e1va\u010d obrazovky, konvertor videa, editor videa atd., pokud se setk\u00e1te s jak\u00fdmikoli ot\u00e1zkami nebo probl\u00e9my v procesu pou\u017e\u00edv\u00e1n\u00ed softwaru Videlem, m\u016f\u017eete n\u00e1m poslat e-mail a my v\u00e1m co nejd\u0159\u00edve odpov\u00edme.<\/p>\n<p>E-mailov\u00e1 adresa: support@videlem.com<\/p>\n<!-- AddThis Advanced Settings generic via filter on the_content --><!-- AddThis Share Buttons generic via filter on the_content -->","protected":false},"excerpt":{"rendered":"<p>Videlem poskytuje profesion\u00e1ln\u00ed a dal\u0161\u00ed multimedi\u00e1ln\u00ed software, jako je nahr\u00e1va\u010d obrazovky, konvertor videa, editor videa atd., pokud se setk\u00e1te s jak\u00fdmikoli ot\u00e1zkami nebo probl\u00e9my v procesu pou\u017e\u00edv\u00e1n\u00ed softwaru Videlem, m\u016f\u017eete n\u00e1m poslat e-mail a my v\u00e1m co nejd\u0159\u00edve odpov\u00edme. E-mailov\u00e1 adresa: support@videlem.com<!-- AddThis Advanced Settings generic via filter on get_the_excerpt --><!-- AddThis Share Buttons generic via filter on get_the_excerpt --><\/p>\n","protected":false},"author":4,"featured_media":0,"parent":0,"menu_order":0,"comment_status":"closed","ping_status":"closed","template":"","meta":[],"_links":{"self":[{"href":"https:\/\/www.videlem.com\/cs\/wp-json\/wp\/v2\/pages\/12019"}],"collection":[{"href":"https:\/\/www.videlem.com\/cs\/wp-json\/wp\/v2\/pages"}],"about":[{"href":"https:\/\/www.videlem.com\/cs\/wp-json\/wp\/v2\/types\/page"}],"author":[{"embeddable":true,"href":"https:\/\/www.videlem.com\/cs\/wp-json\/wp\/v2\/users\/4"}],"replies":[{"embeddable":true,"href":"https:\/\/www.videlem.com\/cs\/wp-json\/wp\/v2\/comments?post=12019"}],"version-history":[{"count":0,"href":"https:\/\/www.videlem.com\/cs\/wp-json\/wp\/v2\/pages\/12019\/revisions"}],"wp:attachment":[{"href":"https:\/\/www.videlem.com\/cs\/wp-json\/wp\/v2\/media?parent=12019"}],"curies":[{"name":"wp","href":"https:\/\/api.w.org\/{rel}","templated":true}]}}