{"id":6487,"date":"2021-03-07T05:15:48","date_gmt":"2021-03-07T05:15:48","guid":{"rendered":"https:\/\/www.videlem.com\/?page_id=6487"},"modified":"2022-06-13T15:18:45","modified_gmt":"2022-06-13T15:18:45","slug":"kontaktiere-uns","status":"publish","type":"page","link":"https:\/\/www.videlem.com\/de\/kontaktiere-uns\/","title":{"rendered":"Kontaktiere uns"},"content":{"rendered":"<p>Videlem bietet professionelle und andere Multimedia-Software wie Bildschirmrekorder, Videokonverter, Videoeditor usw. Wenn Sie Fragen oder Probleme bei der Verwendung der Videlem-Software haben, k\u00f6nnen Sie uns eine E-Mail senden und wir werden Ihnen so schnell wie m\u00f6glich antworten wie m\u00f6glich.<\/p>\n<p>E-Mail-Adresse: support@videlem.com<\/p>\n<!-- AddThis Advanced Settings generic via filter on the_content --><!-- AddThis Share Buttons generic via filter on the_content -->","protected":false},"excerpt":{"rendered":"<p>Videlem bietet professionelle und andere Multimedia-Software wie Bildschirmrekorder, Videokonverter, Videoeditor usw. Wenn Sie Fragen oder Probleme bei der Verwendung der Videlem-Software haben, k\u00f6nnen Sie uns eine E-Mail senden und wir werden Ihnen so schnell wie m\u00f6glich antworten wie m\u00f6glich. E-Mail-Adresse: support@videlem.com<!-- AddThis Advanced Settings generic via filter on get_the_excerpt --><!-- AddThis Share Buttons generic via filter on get_the_excerpt --><\/p>\n","protected":false},"author":4,"featured_media":0,"parent":0,"menu_order":0,"comment_status":"closed","ping_status":"closed","template":"","meta":[],"_links":{"self":[{"href":"https:\/\/www.videlem.com\/de\/wp-json\/wp\/v2\/pages\/6487"}],"collection":[{"href":"https:\/\/www.videlem.com\/de\/wp-json\/wp\/v2\/pages"}],"about":[{"href":"https:\/\/www.videlem.com\/de\/wp-json\/wp\/v2\/types\/page"}],"author":[{"embeddable":true,"href":"https:\/\/www.videlem.com\/de\/wp-json\/wp\/v2\/users\/4"}],"replies":[{"embeddable":true,"href":"https:\/\/www.videlem.com\/de\/wp-json\/wp\/v2\/comments?post=6487"}],"version-history":[{"count":1,"href":"https:\/\/www.videlem.com\/de\/wp-json\/wp\/v2\/pages\/6487\/revisions"}],"predecessor-version":[{"id":6518,"href":"https:\/\/www.videlem.com\/de\/wp-json\/wp\/v2\/pages\/6487\/revisions\/6518"}],"wp:attachment":[{"href":"https:\/\/www.videlem.com\/de\/wp-json\/wp\/v2\/media?parent=6487"}],"curies":[{"name":"wp","href":"https:\/\/api.w.org\/{rel}","templated":true}]}}