{"id":12083,"date":"2021-03-07T05:15:48","date_gmt":"2021-03-07T05:15:48","guid":{"rendered":"https:\/\/www.videlem.com\/contacto-con-nosotros\/"},"modified":"2022-07-06T04:41:24","modified_gmt":"2022-07-06T04:41:24","slug":"contacto-con-nosotros","status":"publish","type":"page","link":"https:\/\/www.videlem.com\/es\/contacto-con-nosotros\/","title":{"rendered":"Contacto con nosotros"},"content":{"rendered":"<p>Videlem proporciona software profesional y otro software multimedia como grabador de pantalla, convertidor de v\u00eddeo, editor de v\u00eddeo, etc., si encuentra alguna pregunta o problema en el proceso de uso del software de Videlem, puede enviarnos un correo electr\u00f3nico y le responderemos lo antes posible.<\/p>\n<p>Direcci\u00f3n de correo electr\u00f3nico: support@videlem.com<\/p>\n<!-- AddThis Advanced Settings generic via filter on the_content --><!-- AddThis Share Buttons generic via filter on the_content -->","protected":false},"excerpt":{"rendered":"<p>Videlem proporciona software profesional y otro software multimedia como grabador de pantalla, convertidor de v\u00eddeo, editor de v\u00eddeo, etc., si encuentra alguna pregunta o problema en el proceso de uso del software de Videlem, puede enviarnos un correo electr\u00f3nico y le responderemos lo antes posible. Direcci\u00f3n de correo electr\u00f3nico: support@videlem.com<!-- AddThis Advanced Settings generic via filter on get_the_excerpt --><!-- AddThis Share Buttons generic via filter on get_the_excerpt --><\/p>\n","protected":false},"author":4,"featured_media":0,"parent":0,"menu_order":0,"comment_status":"closed","ping_status":"closed","template":"","meta":[],"_links":{"self":[{"href":"https:\/\/www.videlem.com\/es\/wp-json\/wp\/v2\/pages\/12083"}],"collection":[{"href":"https:\/\/www.videlem.com\/es\/wp-json\/wp\/v2\/pages"}],"about":[{"href":"https:\/\/www.videlem.com\/es\/wp-json\/wp\/v2\/types\/page"}],"author":[{"embeddable":true,"href":"https:\/\/www.videlem.com\/es\/wp-json\/wp\/v2\/users\/4"}],"replies":[{"embeddable":true,"href":"https:\/\/www.videlem.com\/es\/wp-json\/wp\/v2\/comments?post=12083"}],"version-history":[{"count":1,"href":"https:\/\/www.videlem.com\/es\/wp-json\/wp\/v2\/pages\/12083\/revisions"}],"predecessor-version":[{"id":12084,"href":"https:\/\/www.videlem.com\/es\/wp-json\/wp\/v2\/pages\/12083\/revisions\/12084"}],"wp:attachment":[{"href":"https:\/\/www.videlem.com\/es\/wp-json\/wp\/v2\/media?parent=12083"}],"curies":[{"name":"wp","href":"https:\/\/api.w.org\/{rel}","templated":true}]}}