{"id":12126,"date":"2021-03-07T05:15:48","date_gmt":"2021-03-07T05:15:48","guid":{"rendered":"https:\/\/www.videlem.com\/contacte-nos\/"},"modified":"2021-03-07T05:15:48","modified_gmt":"2021-03-07T05:15:48","slug":"contacte-nos","status":"publish","type":"page","link":"https:\/\/www.videlem.com\/pt-pt\/contacte-nos\/","title":{"rendered":"Contacte-nos"},"content":{"rendered":"<p>Videlem fornece software profissional e outro software multim\u00e9dia, como gravador de ecr\u00e3, conversor de v\u00eddeo, editor de v\u00eddeo, etc., se encontrar quaisquer quest\u00f5es ou problemas no processo de utiliza\u00e7\u00e3o do software Videlem, pode enviar-nos um e-mail e responder-lhe-emos o mais rapidamente poss\u00edvel.<\/p>\n<p>Endere\u00e7o de correio electr\u00f3nico: support@videlem.com<\/p>\n<!-- AddThis Advanced Settings generic via filter on the_content --><!-- AddThis Share Buttons generic via filter on the_content -->","protected":false},"excerpt":{"rendered":"<p>Videlem fornece software profissional e outro software multim\u00e9dia, como gravador de ecr\u00e3, conversor de v\u00eddeo, editor de v\u00eddeo, etc., se encontrar quaisquer quest\u00f5es ou problemas no processo de utiliza\u00e7\u00e3o do software Videlem, pode enviar-nos um e-mail e responder-lhe-emos o mais rapidamente poss\u00edvel. Endere\u00e7o de correio electr\u00f3nico: support@videlem.com<!-- AddThis Advanced Settings generic via filter on get_the_excerpt --><!-- AddThis Share Buttons generic via filter on get_the_excerpt --><\/p>\n","protected":false},"author":4,"featured_media":0,"parent":0,"menu_order":0,"comment_status":"closed","ping_status":"closed","template":"","meta":[],"_links":{"self":[{"href":"https:\/\/www.videlem.com\/pt-pt\/wp-json\/wp\/v2\/pages\/12126"}],"collection":[{"href":"https:\/\/www.videlem.com\/pt-pt\/wp-json\/wp\/v2\/pages"}],"about":[{"href":"https:\/\/www.videlem.com\/pt-pt\/wp-json\/wp\/v2\/types\/page"}],"author":[{"embeddable":true,"href":"https:\/\/www.videlem.com\/pt-pt\/wp-json\/wp\/v2\/users\/4"}],"replies":[{"embeddable":true,"href":"https:\/\/www.videlem.com\/pt-pt\/wp-json\/wp\/v2\/comments?post=12126"}],"version-history":[{"count":0,"href":"https:\/\/www.videlem.com\/pt-pt\/wp-json\/wp\/v2\/pages\/12126\/revisions"}],"wp:attachment":[{"href":"https:\/\/www.videlem.com\/pt-pt\/wp-json\/wp\/v2\/media?parent=12126"}],"curies":[{"name":"wp","href":"https:\/\/api.w.org\/{rel}","templated":true}]}}